{"id":61,"date":"2020-07-28T09:33:51","date_gmt":"2020-07-28T09:33:51","guid":{"rendered":"https:\/\/learnxdesign.net\/lxd2021\/?page_id=61"},"modified":"2021-08-25T12:45:18","modified_gmt":"2021-08-25T11:45:18","slug":"committees","status":"publish","type":"page","link":"https:\/\/learnxdesign.net\/lxd2021\/about\/committees\/","title":{"rendered":"Committees"},"content":{"rendered":"<div class=\"breadcrumbs align  wp-block-bcn-breadcrumb-trail has-text-color has-background\" vocab=\"https:\/\/schema.org\/\" typeof=\"BreadcrumbList\">\n\t<span><\/span>\n\t<span property=\"itemListElement\" typeof=\"ListItem\"><a property=\"item\" typeof=\"WebPage\" title=\"Go to LxD Sites.\" href=\"https:\/\/learnxdesign.net\" class=\"main-home\" ><span property=\"name\">LxD Sites<\/span><\/a><meta property=\"position\" content=\"1\"><\/span> &gt; <span property=\"itemListElement\" typeof=\"ListItem\"><a property=\"item\" typeof=\"WebPage\" title=\"Go to DRS LEARNxDESIGN 2021: 6th International Conference for Design Education Researchers.\" href=\"https:\/\/learnxdesign.net\/lxd2021\" class=\"home\" aria-current=\"page\"><span property=\"name\">DRS LEARNxDESIGN 2021: 6th International Conference for Design Education Researchers<\/span><\/a><meta property=\"position\" content=\"2\"><\/span><\/div>\n\n\n\n<h3 class=\"wp-block-heading\" id=\"gcip\">General Conference International Planning Committee (GCIPC)<\/h3>\n\n\n\n<p>\u00ab <strong>Pan Lusheng<\/strong>, SUAD, China, Conference General Chair<br>\u00ab <strong>Liv Merete Nielsen<\/strong>, Oslo Metropolitan University, Norway, Conference General co-Chair<br>\u00ab <strong>Yang Zhang<\/strong>, SUAD, China, Conference General co-Chair<br>\u00ab <strong>Erik Bohemia<\/strong>, Oslo Metropolitan University, Norway, Conference General co-Chair<br>\u00ab <strong>Jianglong Yu<\/strong>, Conference General Secretary<\/p>\n\n\n\n<h3 class=\"wp-block-heading\" id=\"iaoc\">International Academic Organising Committee (IAOC)<\/h3>\n\n\n\n<p>\u00ab <strong>Liv Merete Nielsen<\/strong>, Oslo Metropolitan University, Norway, IAOC Chair<br>\u00ab <strong>Yang Zhang<\/strong>, SUAD, China<br>\u00ab <strong>Naz A G Z B\u00f6rek\u00e7i<\/strong>, METU, Turkey<br>\u00ab <strong>Erik Bohemia<\/strong>, Oslo Metropolitan University, Norway<\/p>\n\n\n\n<h3 class=\"wp-block-heading\" id=\"isc\">International Scientific  Programme Committee (ISPC)<\/h3>\n\n\n\n<p>\u00ab <strong>Liv Merete Nielsen<\/strong>, Oslo Metropolitan University, Norway, ISC Chair &amp; GCIPC<br>\u00ab <strong>Erik Bohemia<\/strong>, Oslo Metropolitan University, Norway, ISC co-Chair &amp; GCIPC<br>\u00ab <strong>Katja Thoring<\/strong>, Anhalt University of Applied Sciences, Germany<br>\u00ab <strong>Eva Lutn\u00e6s, <\/strong>Oslo Metropolitan University, Norway<br>\u00ab <strong>\u00darsula Bravo<\/strong>, Universidad del Desarrollo, Chile<br>\u00ab <strong>Roland M. Mueller<\/strong>, Berlin School of Economics and Law (BSEL), Germany<br>\u00ab <strong>Naz A G Z B\u00f6rek\u00e7i<\/strong>,&nbsp;Middle East Technical University, Turkey<br>\u00ab<strong> Lesley-Ann<\/strong> <strong>Noel<\/strong>,&nbsp;North Carolina State&nbsp;University,&nbsp;USA<br>\u00ab <strong>Yang Zhang<\/strong>, SUAD, China, GCIPC<br>\u00ab <strong>Juha Hartvik<\/strong>, \u00c5bo Akademi University, Finland<br>\u00ab <strong>Bryan Howell<\/strong>, Brigham Young University, USA<br>\u00ab <strong>Arild Berg<\/strong>, Oslo Metropolitan University, Norway<br>\u00ab <strong>Yashar Kardar<\/strong>, Middle East Technical University, Turkey<em><br><\/em>\u00ab <strong>Derek Jones<\/strong>, The Open University, UK<br>\u00ab <strong>Ingvild Digranes<\/strong>, Western Norway University of Applied Sciences, Norway<\/p>\n\n\n\n<h3 class=\"wp-block-heading\" id=\"patrons\">Patrons of the Conference<\/h3>\n\n\n\n<p>\u00ab <strong>Liv Merete Nielsen<\/strong>, Oslo Metropolitan University Norway<br>\u00ab <strong>Janne Beate Reitan<\/strong>, Oslo Metropolitan University, Norway<br>\u00ab <strong>Derek Jones<\/strong>, The Open University, UK<br>\u00ab <strong>Nicole Lotz<\/strong>, The Open University, UK<\/p>\n\n\n\n<h3 class=\"wp-block-heading\" id=\"isp\">International Scientific Panel (ISP)<\/h3>\n\n\n\n<p>The International Scientific Panel consist of the International Scientific Committee members plus the Tracks\u2019 co-conveners<\/p>\n\n\n\n<ul class=\"is-style-none wp-block-list\"><li>\u00ab <strong>Natalia Allende<\/strong>, Design for Change, Chile<\/li><li>\u00ab <strong>Sucharita Beniwal<\/strong>, National Institute of Design, Ahmedabad, India<\/li><li>\u00ab <strong>Arild Berg<\/strong>, Oslo Metropolitan University, Norway<\/li><li>\u00ab <strong>Erik Bohemia<\/strong>, Oslo Metropolitan University, Norway<\/li><li>\u00ab <strong>Naz&nbsp; A.G.Z. B\u00f6rek\u00e7i<\/strong>, METU, Turkey<\/li><li>\u00ab <strong>Karen Br\u00e6nne<\/strong>, Volda University College, Norway<\/li><li>\u00ab <strong>\u00darsula Bravo<\/strong>, Universidad del Desarrollo, Chile<\/li><li>\u00ab <strong>Jun Cai<\/strong>, Tsinghua University, China<\/li><li>\u00ab <strong>Catalina Cort\u00e9s<\/strong>, Universidad del Desarrollo, Chile<\/li><li>\u00ab <strong>Rik de Reuver<\/strong>, Vanderveer Design, Netherlands<\/li><li>\u00ab <strong>Ingvild Digranes<\/strong>, Western Norway University of Applied Sciences, Norway<\/li><li>\u00ab <strong>Laila Belinda Fauske<\/strong>, Oslo Metropolitan University, Norway<\/li><li>\u00ab <strong>Camilla Groth<\/strong>, University of South East Norway, Norway<\/li><li>\u00ab <strong>Juha Hartvik<\/strong>, \u00c5bo Akademi University, Finland<\/li><li>\u00ab <strong>G\u00fclay Hasdo\u011fan<\/strong>, METU, Turkey<\/li><li>\u00ab <strong>Jan Willem Hoftijzer<\/strong>, Delft University of Technology, Netherlands<\/li><li>\u00ab <strong>Hanna Hofverberg<\/strong>, Malm\u00f6 University, Sweden<\/li><li>\u00ab <strong>Siri Homlong<\/strong>, Konstfack, University College of Arts, Crafts and Design, Sweden<\/li><li>\u00ab <strong>Bryan Howell<\/strong>, Brigham Young University, USA<\/li><li>\u00ab <strong>Derek Jones<\/strong>, The Open University, UK<\/li><li>\u00ab <strong>Yashar Kardar<\/strong>, Middle East Technical University, Turkey<\/li><li>\u00ab <strong>Linda Keane<\/strong>, AIA &amp; The School of the Art Institute of Chicago, USA<\/li><li>\u00ab <strong>Fatma Korkut<\/strong>, METU, Turkey<\/li><li>\u00ab <strong>Hannah Korsmeyer<\/strong>, Monash University, Australia<\/li><li>\u00ab <strong>Jeannette LaFors<\/strong>, Kelefors Consulting, USA<\/li><li>\u00ab <strong>Nicole Lotz<\/strong>, The Open University, UK<\/li><li>\u00ab <strong>Eva Lutn\u00e6s<\/strong>, Oslo Metropolitan University, Norway<\/li><li>\u00ab <strong>Renata Marques Leit\u00e3o<\/strong>, OCAD University, Canada<\/li><li>\u00ab <strong>Ingvill Gjerdrum Maus<\/strong>, Oslo Metropolitan University, Norway<\/li><li>\u00ab <strong>Fausto Medola<\/strong>, Sao Paulo State University, Brazil<\/li><li>\u00ab <strong>Roland Mueller<\/strong>, Berlin School of Economics and Law, Germany &amp; University of Twente, The Netherlands<\/li><li>\u00ab <strong>Liv Merete Nielsen<\/strong>, Oslo Metropolitan University, Norway<\/li><li>\u00ab <strong>Lesley-Ann Noel<\/strong>, North Carolina State University, USA<\/li><li>\u00ab <strong>Mauricio Novoa<\/strong>, Western Sydney University, Australia<\/li><li>\u00ab <strong>Ay\u015feg\u00fcl \u00d6z\u00e7elik<\/strong>, Aalborg University, Denmark<\/li><li>\u00ab <strong>Mia Porko-Hudd<\/strong>, \u00c5bo Akademi University, Finland<\/li><li>\u00ab <strong>Janne Beate Reitan<\/strong>, Oslo Metropolitan University, Norway<\/li><li>\u00ab <strong>Amos Sculley<\/strong>, Rochester Institute of Technology, USA<\/li><li>\u00ab <strong>Kate Sellen<\/strong>, OCAD University, Canada<\/li><li>\u00ab <strong>Sarper Seydio\u011flu<\/strong>, Middle East Technical University, Turkey<\/li><li>\u00ab <strong>Andr\u00e9s T\u00e9llez<\/strong>, University of Bogota Jorge Tadeo Lozano, Colombia<\/li><li>\u00ab <strong>Katja Thoring<\/strong>, Anhalt University, Dessau, Germany<\/li><li>\u00ab <strong>Arno Verhoeven<\/strong>, University of Edinburgh, UK<\/li><li>\u00ab <strong>Woodrow W. Winchester, III<\/strong>, University of Maryland, Baltimore County<\/li><li>\u00ab <strong>Ziyuan Wang<\/strong>, CAFA, China<\/li><li>\u00ab <strong>Lilyana Yazirl\u0131o\u011flu<\/strong>, Ted University, Turkey<\/li><li>\u00ab <strong>Yang Zhang<\/strong>, SUAD, China<\/li><li>\u00ab <strong>Dong Zhanjun<\/strong>, SUAD, China<\/li><\/ul>\n\n\n\n<h3 class=\"wp-block-heading\" id=\"isrp\">International Scientific Review Panel (ISRP)<\/h3>\n\n\n\n<p>List of approved Peer Reviewers members of the International Scientific Review Panel (ISRP)<\/p>\n\n\n\n<ul class=\"is-style-none wp-block-list\"><li>\u00ab <strong>Dilek Akbulut, <\/strong>Gazi University, Turkey<\/li><li>\u00ab <strong>Bilge Merve Akta\u015f, <\/strong>Aalto University, Finland<\/li><li>\u00ab <strong>Natalia Allende, <\/strong>Design for Change Chile, Chile<\/li><li>\u00ab <strong>L.N. Ece Ar\u0131burun K\u0131rca, <\/strong>Istanbul Technical University, Turkey<\/li><li>\u00ab <strong>F. Zeynep Ata, <\/strong>Izmir Institute of Technology, Turkey<\/li><li>\u00ab <strong>Asja Aulisio, <\/strong>Politecnico di Torino, Italy<\/li><li>\u00ab <strong>Kardelen Aysel, <\/strong>Yasar University, Turkey<\/li><li>\u00ab <strong>Dean Conrad Bacalzo, <\/strong>Wenzhou-Kean University, United States<\/li><li>\u00ab <strong>Robert Barnes, <\/strong>London Metropolitan University, United Kingdom<\/li><li>\u00ab <strong>Birgit Bauer, <\/strong>HTW Berlin University of Applied Sciences, Germany<\/li><li>\u00ab <strong>Sucharita Beniwal, <\/strong>National Institute of Design, India<\/li><li>\u00ab <strong>Audrey Bennett, <\/strong>University of Michigan, United States<\/li><li>\u00ab <strong>Arild Berg, <\/strong>Oslo Metropolitan University &#8211; Oslo Metropolitan University, Norway<\/li><li>\u00ab <strong>Gizem Bodur, <\/strong>Atilim University, Turkey<\/li><li>\u00ab <strong>Erik Bohemia, <\/strong>SUAD \/ Oslo Metropolitan University, Norway<\/li><li>\u00ab <strong>Naz A G Z B\u00f6rek\u00e7i, <\/strong>Middle East Technical University, Turkey<\/li><li>\u00ab <strong>Noora Bosch, <\/strong>University of Helsinki, Finland<\/li><li>\u00ab <strong>Suzie Boss, <\/strong>PBLWorks (National Faculty emeritus), United States<\/li><li>\u00ab <strong>Karen Braenne, <\/strong>Volda University College, Norway<\/li><li>\u00ab <strong>\u00darsula Bravo, <\/strong>Universidad del Desarrollo, Chile<\/li><li>\u00ab <strong>Charlie Breindahl, <\/strong>University of Copenhagen, Denmark<\/li><li>\u00ab <strong>Lore Brosens, <\/strong>University of Ghent, Belgium<\/li><li>\u00ab <strong>Jun Cai, <\/strong>Tsinghua University, China<\/li><li>\u00ab <strong>Ece Canli, <\/strong>University of Minho, Portugal<\/li><li>\u00ab <strong>Jui-Feng Chang, <\/strong>National Cheng Kung University, Taiwan<\/li><li>\u00ab <strong>Christos Chantzaras, <\/strong>Technical University of Munich, Germany<\/li><li>\u00ab <strong>Fan Chen, <\/strong>Tongji University, China<\/li><li>\u00ab <strong>JiaYing Chew, <\/strong>University of the Arts London and National University of Singapore, Singapore<\/li><li>\u00ab <strong>Catalina Cortes, <\/strong>Universidad del Desarrollo, Chile<\/li><li>\u00ab <strong>F\u00fcsun Curao\u011flu, <\/strong>ESK\u0130\u015eEH\u0130R TECHNICAL UNIVERSITY, Turkey<\/li><li>\u00ab <strong>Beng\u00fc Da\u011fl\u0131, <\/strong>Dogus University, Turkey<\/li><li>\u00ab <strong>Santiago De Francisco Vela, <\/strong>Universidad de los Andes, Colombia<\/li><li>\u00ab <strong>Juan Alfonso de la Rosa, <\/strong>Universidad Nacional de Colombia, Colombia<\/li><li>\u00ab <strong>Rik de Reuver, <\/strong>MODYN BV, Netherlands<\/li><li>\u00ab <strong>Dekuan Deng, <\/strong>Shandong University of Art &amp; Design, China<\/li><li>\u00ab <strong>Ingvild Digranes, <\/strong>Western Norway University of Applied Sciences, Norway<\/li><li>\u00ab <strong>Meng Yue Ding, <\/strong>Tianjin University, China<\/li><li>\u00ab <strong>Sandra Dittenberger, <\/strong>New Design University, Austria<\/li><li>\u00ab <strong>Hua Dong, <\/strong>Brunel University London, United Kingdom<\/li><li>\u00ab <strong>Zhanjun Dong, <\/strong>Shandong University of Art and Design, China<\/li><li>\u00ab <strong>Richard Elaver, <\/strong>Appalachian State University, United States<\/li><li>\u00ab <strong>Nesrin Ahmed Elmarakbi, <\/strong>Northumbria University, United Kingdom<\/li><li>\u00ab <strong>\u00d6zlem Er, <\/strong>Istanbul Bilgi University, Turkey<\/li><li>\u00ab <strong>Laila Belinda Fauske, <\/strong>Oslo Metropolitan University, Norway<\/li><li>\u00ab <strong>Laura Ferrarello, <\/strong>Royal College of Art, United Kingdom<\/li><li>\u00ab <strong>Eliana Ferrulli, <\/strong>Politecnico di Torino, Italy<\/li><li>\u00ab <strong>Stefano Follesa, <\/strong>University of Florence, Italy<\/li><li>\u00ab <strong>Ge Fu, <\/strong>freelancer, China<\/li><li>\u00ab <strong>Francesco Galli, <\/strong>IULM university, Italy<\/li><li>\u00ab <strong>Peng Gao, <\/strong>Shandong University of Art and Design, China<\/li><li>\u00ab <strong>Koray Gelmez, <\/strong>Istanbul Technical University, Turkey<\/li><li>\u00ab <strong>Michael Robert Gibson, <\/strong>The University of North Texas, United States<\/li><li>\u00ab <strong>Emma Gieben-Gamal, <\/strong>University of Edinburgh, United Kingdom<\/li><li>\u00ab <strong>Adela Glyn-Davies, <\/strong>University of Derby, United Kingdom<\/li><li>\u00ab <strong>Gloria Gomez, <\/strong>OceanBrowser Ltd. and University of Sydney, New Zealand and Australia<\/li><li>\u00ab <strong>Gabriele Goretti, <\/strong>Jiangnan University, China<\/li><li>\u00ab <strong>Colin M. Gray, <\/strong>Purdue University, United States<\/li><li>\u00ab <strong>Wyn Griffiths, <\/strong>Middlesex University, United Kingdom<\/li><li>\u00ab <strong>Camilla Groth, <\/strong>University of South-Eastern Norway, Finland<\/li><li>\u00ab <strong>Cansu G\u00fcnayd\u0131n Donduran, <\/strong>Ozyegin University, Turkey<\/li><li>\u00ab <strong>Selin G\u00fcrdere Akdur, <\/strong>Istanbul Bilgi University, Turkey<\/li><li>\u00ab <strong>David Hands, <\/strong>Lancaster University, United Kingdom<\/li><li>\u00ab <strong>Juha Hartvik, <\/strong>\u00c5bo Akademi University, Finland<\/li><li>\u00ab <strong>G\u00fclay Hasdo\u011fan, <\/strong>Middle East Technical University, Turkey<\/li><li>\u00ab <strong>Clive David Hilton, <\/strong>United Kingdom, Coventry University<\/li><li>\u00ab <strong>JanWillem Hoftijzer, <\/strong>Delft Univ. of Technology, Netherlands<\/li><li>\u00ab <strong>Hanna Hofverberg, <\/strong>Malm\u00f6 University, Sweden<\/li><li>\u00ab <strong>Siri Homlong, <\/strong>Konstfack University of Arts, Sweden<\/li><li>\u00ab <strong>Bryan Howell, <\/strong>Brigham Young University, United States<\/li><li>\u00ab <strong>Hsu-Chan Hsiao, <\/strong>National Cheng Kung University, Taiwan<\/li><li>\u00ab <strong>Oscar Huerta, <\/strong>Pontificia Universidad Cat\u00f3lica de Chile, Chile<\/li><li>\u00ab <strong>Benjamin Hughes, <\/strong>Beijing Institute of Technology, China<\/li><li>\u00ab <strong>Marwa Abdulhameed Isa, <\/strong>Bahrain Polytechnic, Bahrain<\/li><li>\u00ab <strong>Rachel Jane Jahja, <\/strong>RMIT University, Vietnam<\/li><li>\u00ab <strong>Thessa Jensen, <\/strong>Aalborg University, Denmark<\/li><li>\u00ab <strong>Min Jiang, <\/strong>National Cheng Kung University, Taiwan<\/li><li>\u00ab <strong>Li Jie, <\/strong>Shandong University of Art&amp;Design, China<\/li><li>\u00ab <strong>Derek Jones, <\/strong>The Open University, United Kingdom<\/li><li>\u00ab <strong>Yashar Kardar, <\/strong>Middle East Technical University, Turkey<\/li><li>\u00ab <strong>Linda Keane, <\/strong>FAIA, NOMA, School of the Art Institute of Chicago, United States<\/li><li>\u00ab <strong>Janey Klingelfuss, <\/strong>University of Chester, United Kingdom<\/li><li>\u00ab <strong>Fatma Korkut, <\/strong>Middle East Technical Univ., Turkey<\/li><li>\u00ab <strong>Hannah Korsmeyer, <\/strong>Monash University, Australia<\/li><li>\u00ab <strong>Jeannette Renee LaFors, <\/strong>Kelefors Consulting, United States<\/li><li>\u00ab <strong>Andreas Lanig, <\/strong>DIPLOMA Hochschule, Germany<\/li><li>\u00ab <strong>Renata Leitao, <\/strong>OCAD University, Canada<\/li><li>\u00ab <strong>Jia-bao Liang, <\/strong>National Cheng Kung University, Taiwan<\/li><li>\u00ab <strong>Zhengping Liow, <\/strong>Singapore Polytechnic and National University of Singapore, Singapore<\/li><li>\u00ab <strong>Yuan Liu, <\/strong>Politecnico di Milano, Italy<\/li><li>\u00ab <strong>Leon Loh, <\/strong>Kyushu University, Japan<\/li><li>\u00ab <strong>Nicole Lotz, <\/strong>The Open University, United Kingdom<\/li><li>\u00ab <strong>Jennifer Loy, <\/strong>Deakin University, Australia<\/li><li>\u00ab <strong>Eva Lutn\u00e6s, <\/strong>Oslo Metropolitan University, Norway<\/li><li>\u00ab <strong>Kristina Maria Madsen, <\/strong>Aalborg University Business School, Denmark<\/li><li>\u00ab <strong>Renae Mantooth, <\/strong>North Carolina State University, United States<\/li><li>\u00ab <strong>Anastasios Maragiannis, <\/strong>University of Greenwich, United Kingdom<\/li><li>\u00ab <strong>Ingvill Gjerdrum Maus, <\/strong>Oslo Metropolitan University, Norway<\/li><li>\u00ab <strong>Bree McMahon, <\/strong>University of Arkansas, United States<\/li><li>\u00ab <strong>Fausto Orsi Medola, <\/strong>Sao Paulo State University (UNESP), Brazil<\/li><li>\u00ab <strong>Juan Giusepe Montalvan Lume, <\/strong>Pontifical Catholic University of Peru, Peru<\/li><li>\u00ab <strong>Roland Maximilian Mueller, <\/strong>Berlin School of Economics and Law, Germany<\/li><li>\u00ab <strong>Kelly Murdoch-Kitt, <\/strong>The University of Michigan, United States<\/li><li>\u00ab <strong>Liv Merete Nielsen, <\/strong>Oslo Metropolitan University, Norway<\/li><li>\u00ab <strong>Lesley-Ann Noel, <\/strong>North Carolina State University, United States<\/li><li>\u00ab <strong>Mauricio Novoa Munoz, <\/strong>Western Sydney University, Australia<\/li><li>\u00ab <strong>Jody Nyboer, <\/strong>Syracuse University, United States<\/li><li>\u00ab <strong>Anniliina Omwami, <\/strong>University of Helsinki, Finland<\/li><li>\u00ab <strong>Melis \u00d6rneko\u011flu Sel\u00e7uk, <\/strong>Ghent University, Belgium<\/li><li>\u00ab <strong>Ay\u015feg\u00fcl \u00d6z\u00e7elik, <\/strong>Aalborg University, Denmark<\/li><li>\u00ab <strong>Dalsu \u00d6zgen Ko\u00e7y\u0131ld\u0131r\u0131m, <\/strong>METU, Turkey<\/li><li>\u00ab <strong>Verena Natalie Paepcke-Hjeltness, <\/strong>Iowa State University, United States<\/li><li>\u00ab <strong>Meng Pang, <\/strong>Shandong University of Art And Design, China<\/li><li>\u00ab <strong>\u015eule Ta\u015fl\u0131 Pekta\u015f, <\/strong>Baskent University, Turkey<\/li><li>\u00ab <strong>Stefano Perna, <\/strong>University of Naples Federico II, Italy<\/li><li>\u00ab <strong>Alejandra Virginia Poblete P\u00e9rez, <\/strong>Universidad Tecnol\u00f3gica Metropolitana, Chile<\/li><li>\u00ab <strong>Mia Johanna Porko-Hudd, <\/strong>\u00c5bo Akademi university, Finland<\/li><li>\u00ab <strong>Camilo Potocnjak-Oxman, <\/strong>Australian National University, Australia<\/li><li>\u00ab <strong>Katelijn Quartier, <\/strong>Hasselt University, Belgium<\/li><li>\u00ab <strong>Gonzalo Raineri, <\/strong>Universidad Finis Terrae, Chile<\/li><li>\u00ab <strong>Prithvi Raj, <\/strong>Aakaar: Humanistic Co-Design, India<\/li><li>\u00ab <strong>Noemi Maria Sadowska, <\/strong>University of the Arts London, United Kingdom<\/li><li>\u00ab <strong>Selen Sar\u0131el, <\/strong>Istanbul Bilgi University, Turkey<\/li><li>\u00ab <strong>Angelika Seeschaaf Veres, <\/strong>OCAD University, Canada<\/li><li>\u00ab <strong>KM Sellen, <\/strong>OCAD U, Canada<\/li><li>\u00ab <strong>Bahar Sener-Pedgley, <\/strong>Middle East Technical University, Turkey<\/li><li>\u00ab <strong>Sarper Seydio\u011flu, <\/strong>Middle East Technical University, Turkey<\/li><li>\u00ab <strong>Zhabiz Shafieyoun, <\/strong>University of Illinois Urbana- Champaign, United States<\/li><li>\u00ab <strong>Linmeng Shan, <\/strong>Bohai University, China<\/li><li>\u00ab <strong>Saadeddine Shehab, <\/strong>University of Illinois at Urbana-Champaign, United States<\/li><li>\u00ab <strong>Han Shi, <\/strong>Zhengzhou University of Light Industry, China<\/li><li>\u00ab <strong>Mengya Shi, <\/strong>Hebei University of Economics and Business, China<\/li><li>\u00ab <strong>Valentina Sierra Nino, <\/strong>University of Florida, United States<\/li><li>\u00ab <strong>Liliana Soares, <\/strong>Instituto Polit\u00e9cnico de Viana do Castelo, Portugal<\/li><li>\u00ab <strong>Anne Solberg, <\/strong>University of South-Eastern Norway, Norway<\/li><li>\u00ab <strong>Kirsten Bonde Sorensen, <\/strong>Danish School of Media and Journalism, Denmark<\/li><li>\u00ab <strong>Ricardo Sosa, <\/strong>AUT, New Zealand<\/li><li>\u00ab <strong>Michal Stefanowski, <\/strong>Academy of Fine Arts in Warsaw, Poland<\/li><li>\u00ab <strong>Awoniyi Stephen, <\/strong>Texas State University, United States<\/li><li>\u00ab <strong>Ruth Stevens, <\/strong>UHasselt, Belgium<\/li><li>\u00ab <strong>Shipping Tang, <\/strong>Nanjing University of The Arts, China<\/li><li>\u00ab <strong>Andrea Taverna, <\/strong>Politecnico di Milano, Italy<\/li><li>\u00ab <strong>Anne P. Taylor, <\/strong>School Zone Institute, United States<\/li><li>\u00ab <strong>Fabio Andres Tellez Bohorquez, <\/strong>Appalachian State University, United States<\/li><li>\u00ab <strong>Marije ten Brink, <\/strong>Amsterdam University of Applied Sciences and Eindhoven University of Technology, Netherlands<\/li><li>\u00ab <strong>Nazli Terzioglu Ozkan, <\/strong>Link\u00f6ping University, Sweden<\/li><li>\u00ab <strong>Katja Thoring, <\/strong>Anhalt University, Germany<\/li><li>\u00ab <strong>Jinliang Tian, <\/strong>Shandong University of Art&amp;Design, China<\/li><li>\u00ab <strong>\u015eebnem Timur, <\/strong>Istanbul Technical University, Turkey<\/li><li>\u00ab <strong>G\u00fcl\u015fen T\u00f6re Yarg\u0131n, <\/strong>Middle East Technical University, Turkey<\/li><li>\u00ab <strong>Canan Emine \u00dcnl\u00fc, <\/strong>TED University, Turkey<\/li><li>\u00ab <strong>Robin Vande Zande, <\/strong>Kent State University, United States<\/li><li>\u00ab <strong>G. Arno Verhoeven, <\/strong>University of Edinburgh, United Kingdom<\/li><li>\u00ab <strong>Marianne von Lachmann, <\/strong>Pontif\u00edcia Universidade Cat\u00f3lica do Rio de Janeiro, Brazil<\/li><li>\u00ab <strong>Stefanie Vo\u00df, <\/strong>University of Applied Sciences HTW Berlin, Germany<\/li><li>\u00ab <strong>Xiaohua Wang, <\/strong>Shan Dong Yingcai University, China<\/li><li>\u00ab <strong>Zhenzi Wang, <\/strong>Yunnan Arts University, China<\/li><li>\u00ab <strong>Vanissa Wanick, <\/strong>Winchester School of Art, United Kingdom<\/li><li>\u00ab <strong>Andrea Wilkinson, <\/strong>LUCA School of Arts, Belgium<\/li><li>\u00ab <strong>Fan Wu, <\/strong>National Cheng Kung University, Taiwan<\/li><li>\u00ab <strong>Lu-Ting Xia, <\/strong>National Cheng Kung University, Taiwan<\/li><li>\u00ab <strong>Artemis Yagou, <\/strong>Deutsches Museum, Germany<\/li><li>\u00ab <strong>Zeynep Yalman-Y\u0131ld\u0131r\u0131m, <\/strong>Middle East Technical University, Turkey<\/li><li>\u00ab <strong>Peian Yao, <\/strong>Universit\u00e0 Degli Studi Firenze, Italy<\/li><li>\u00ab <strong>Gizem Yaz\u0131c\u0131, <\/strong>Izmir Institute of Technology, Turkey<\/li><li>\u00ab <strong>Lilyana Yazirl\u0131o\u011flu, <\/strong>TED University, Turkey<\/li><li>\u00ab <strong>Derya Yorganc\u0131o\u011flu, <\/strong>Ozyegin University, Turkey<\/li><li>\u00ab <strong>Teng-Chin Yu, <\/strong>National Cheng Kung University, Taiwan<\/li><li>\u00ab <strong>Xiaojuan Zhang, <\/strong>Shandong University of Art and Design, China<\/li><li>\u00ab <strong>Yang Zhang, <\/strong>Shandong University of Art &amp; Design, China<\/li><li>\u00ab <strong>Jianpeng Zheng, <\/strong>Shandong university of Arts and Design, China<\/li><li>\u00ab <strong>Xiaojie Zhu, <\/strong>Shandong University of Art and Design, China<\/li><\/ul>\n","protected":false},"excerpt":{"rendered":"<p>General Conference International Planning Committee (GCIPC) \u00ab Pan Lusheng, SUAD, China, Conference General Chair\u00ab Liv Merete Nielsen, Oslo Metropolitan University, Norway, Conference General co-Chair\u00ab Yang Zhang, SUAD, China, Conference General co-Chair\u00ab Erik Bohemia, Oslo Metropolitan University, Norway, Conference General co-Chair\u00ab Jianglong Yu, Conference General Secretary International Academic Organising Committee (IAOC) \u00ab Liv Merete Nielsen, Oslo&hellip; <a class=\"more-link\" href=\"https:\/\/learnxdesign.net\/lxd2021\/about\/committees\/\">Continue reading <span class=\"screen-reader-text\">Committees<\/span> <span class=\"meta-nav\" aria-hidden=\"true\">&rarr;<\/span><\/a><\/p>\n","protected":false},"author":1,"featured_media":0,"parent":100,"menu_order":0,"comment_status":"closed","ping_status":"closed","template":"","meta":{"footnotes":""},"class_list":["post-61","page","type-page","status-publish","hentry"],"_links":{"self":[{"href":"https:\/\/learnxdesign.net\/lxd2021\/wp-json\/wp\/v2\/pages\/61","targetHints":{"allow":["GET"]}}],"collection":[{"href":"https:\/\/learnxdesign.net\/lxd2021\/wp-json\/wp\/v2\/pages"}],"about":[{"href":"https:\/\/learnxdesign.net\/lxd2021\/wp-json\/wp\/v2\/types\/page"}],"author":[{"embeddable":true,"href":"https:\/\/learnxdesign.net\/lxd2021\/wp-json\/wp\/v2\/users\/1"}],"replies":[{"embeddable":true,"href":"https:\/\/learnxdesign.net\/lxd2021\/wp-json\/wp\/v2\/comments?post=61"}],"version-history":[{"count":39,"href":"https:\/\/learnxdesign.net\/lxd2021\/wp-json\/wp\/v2\/pages\/61\/revisions"}],"predecessor-version":[{"id":1384,"href":"https:\/\/learnxdesign.net\/lxd2021\/wp-json\/wp\/v2\/pages\/61\/revisions\/1384"}],"up":[{"embeddable":true,"href":"https:\/\/learnxdesign.net\/lxd2021\/wp-json\/wp\/v2\/pages\/100"}],"wp:attachment":[{"href":"https:\/\/learnxdesign.net\/lxd2021\/wp-json\/wp\/v2\/media?parent=61"}],"curies":[{"name":"wp","href":"https:\/\/api.w.org\/{rel}","templated":true}]}}